{"id":240,"date":"2026-02-05T12:56:25","date_gmt":"2026-02-05T12:56:25","guid":{"rendered":"https:\/\/blog.papasita.ch\/?page_id=240"},"modified":"2026-02-17T08:12:55","modified_gmt":"2026-02-17T08:12:55","slug":"impressum","status":"publish","type":"page","link":"https:\/\/blog.papasita.ch\/?page_id=240","title":{"rendered":"Impressum"},"content":{"rendered":"\n<p>Angaben gem\u00e4\u00df geltendem Recht<\/p>\n\n\n\n<p>Name: Philipp K\u00f6nig<\/p>\n\n\n\n<p>Adresse:<br>Birkenweg 9<\/p>\n\n\n\n<p>3072 Ostermundigen<\/p>\n\n\n\n<p>E-Mail:<br>info@papasita.ch<\/p>\n\n\n\n<p>Verantwortlich f\u00fcr den Inhalt:<br>Philipp K\u00f6nig<\/p>\n\n\n\n<p><\/p>\n","protected":false},"excerpt":{"rendered":"<p>Angaben gem\u00e4\u00df geltendem Recht Name: Philipp K\u00f6nig Adresse:Birkenweg 9 3072 Ostermundigen E-Mail:info@papasita.ch Verantwortlich f\u00fcr den Inhalt:Philipp K\u00f6nig<\/p>\n","protected":false},"author":1,"featured_media":0,"parent":0,"menu_order":0,"comment_status":"closed","ping_status":"closed","template":"","meta":{"om_disable_all_campaigns":false,"_monsterinsights_skip_tracking":false,"_monsterinsights_sitenote_active":false,"_monsterinsights_sitenote_note":"","_monsterinsights_sitenote_category":0,"site-sidebar-layout":"default","site-content-layout":"","ast-site-content-layout":"default","site-content-style":"default","site-sidebar-style":"default","ast-global-header-display":"","ast-banner-title-visibility":"","ast-main-header-display":"","ast-hfb-above-header-display":"","ast-hfb-below-header-display":"","ast-hfb-mobile-header-display":"","site-post-title":"","ast-breadcrumbs-content":"","ast-featured-img":"","footer-sml-layout":"","ast-disable-related-posts":"","theme-transparent-header-meta":"","adv-header-id-meta":"","stick-header-meta":"","header-above-stick-meta":"","header-main-stick-meta":"","header-below-stick-meta":"","astra-migrate-meta-layouts":"default","ast-page-background-enabled":"default","ast-page-background-meta":{"desktop":{"background-color":"var(--ast-global-color-5)","background-image":"","background-repeat":"repeat","background-position":"center center","background-size":"auto","background-attachment":"scroll","background-type":"","background-media":"","overlay-type":"","overlay-color":"","overlay-opacity":"","overlay-gradient":""},"tablet":{"background-color":"","background-image":"","background-repeat":"repeat","background-position":"center center","background-size":"auto","background-attachment":"scroll","background-type":"","background-media":"","overlay-type":"","overlay-color":"","overlay-opacity":"","overlay-gradient":""},"mobile":{"background-color":"","background-image":"","background-repeat":"repeat","background-position":"center center","background-size":"auto","background-attachment":"scroll","background-type":"","background-media":"","overlay-type":"","overlay-color":"","overlay-opacity":"","overlay-gradient":""}},"ast-content-background-meta":{"desktop":{"background-color":"var(--ast-global-color-4)","background-image":"","background-repeat":"repeat","background-position":"center center","background-size":"auto","background-attachment":"scroll","background-type":"","background-media":"","overlay-type":"","overlay-color":"","overlay-opacity":"","overlay-gradient":""},"tablet":{"background-color":"var(--ast-global-color-4)","background-image":"","background-repeat":"repeat","background-position":"center center","background-size":"auto","background-attachment":"scroll","background-type":"","background-media":"","overlay-type":"","overlay-color":"","overlay-opacity":"","overlay-gradient":""},"mobile":{"background-color":"var(--ast-global-color-4)","background-image":"","background-repeat":"repeat","background-position":"center center","background-size":"auto","background-attachment":"scroll","background-type":"","background-media":"","overlay-type":"","overlay-color":"","overlay-opacity":"","overlay-gradient":""}},"footnotes":""},"class_list":["post-240","page","type-page","status-publish","hentry"],"yoast_head":"<!-- This site is optimized with the Yoast SEO plugin v26.9 - https:\/\/yoast.com\/product\/yoast-seo-wordpress\/ -->\n<title>Impressum - blog.papasita.ch<\/title>\n<meta name=\"robots\" content=\"index, follow, max-snippet:-1, max-image-preview:large, max-video-preview:-1\" \/>\n<link rel=\"canonical\" href=\"https:\/\/blog.papasita.ch\/?page_id=240\" \/>\n<meta property=\"og:locale\" content=\"de_DE\" \/>\n<meta property=\"og:type\" content=\"article\" \/>\n<meta property=\"og:title\" content=\"Impressum - blog.papasita.ch\" \/>\n<meta property=\"og:description\" content=\"Angaben gem\u00e4\u00df geltendem Recht Name: Philipp K\u00f6nig Adresse:Birkenweg 9 3072 Ostermundigen E-Mail:info@papasita.ch Verantwortlich f\u00fcr den Inhalt:Philipp K\u00f6nig\" \/>\n<meta property=\"og:url\" content=\"https:\/\/blog.papasita.ch\/?page_id=240\" \/>\n<meta property=\"og:site_name\" content=\"blog.papasita.ch\" \/>\n<meta property=\"article:modified_time\" content=\"2026-02-17T08:12:55+00:00\" \/>\n<meta name=\"twitter:card\" content=\"summary_large_image\" \/>\n<meta name=\"twitter:label1\" content=\"Gesch\u00e4tzte Lesezeit\" \/>\n\t<meta name=\"twitter:data1\" content=\"1\u00a0Minute\" \/>\n<script type=\"application\/ld+json\" class=\"yoast-schema-graph\">{\"@context\":\"https:\/\/schema.org\",\"@graph\":[{\"@type\":\"WebPage\",\"@id\":\"https:\/\/blog.papasita.ch\/?page_id=240\",\"url\":\"https:\/\/blog.papasita.ch\/?page_id=240\",\"name\":\"Impressum - blog.papasita.ch\",\"isPartOf\":{\"@id\":\"https:\/\/blog.papasita.ch\/#website\"},\"datePublished\":\"2026-02-05T12:56:25+00:00\",\"dateModified\":\"2026-02-17T08:12:55+00:00\",\"breadcrumb\":{\"@id\":\"https:\/\/blog.papasita.ch\/?page_id=240#breadcrumb\"},\"inLanguage\":\"de-CH\",\"potentialAction\":[{\"@type\":\"ReadAction\",\"target\":[\"https:\/\/blog.papasita.ch\/?page_id=240\"]}]},{\"@type\":\"BreadcrumbList\",\"@id\":\"https:\/\/blog.papasita.ch\/?page_id=240#breadcrumb\",\"itemListElement\":[{\"@type\":\"ListItem\",\"position\":1,\"name\":\"Startseite\",\"item\":\"https:\/\/blog.papasita.ch\/\"},{\"@type\":\"ListItem\",\"position\":2,\"name\":\"Impressum\"}]},{\"@type\":\"WebSite\",\"@id\":\"https:\/\/blog.papasita.ch\/#website\",\"url\":\"https:\/\/blog.papasita.ch\/\",\"name\":\"blog.papasita.ch\",\"description\":\"www.papasita.ch\",\"publisher\":{\"@id\":\"https:\/\/blog.papasita.ch\/#organization\"},\"potentialAction\":[{\"@type\":\"SearchAction\",\"target\":{\"@type\":\"EntryPoint\",\"urlTemplate\":\"https:\/\/blog.papasita.ch\/?s={search_term_string}\"},\"query-input\":{\"@type\":\"PropertyValueSpecification\",\"valueRequired\":true,\"valueName\":\"search_term_string\"}}],\"inLanguage\":\"de-CH\"},{\"@type\":\"Organization\",\"@id\":\"https:\/\/blog.papasita.ch\/#organization\",\"name\":\"papasita.ch\",\"url\":\"https:\/\/blog.papasita.ch\/\",\"logo\":{\"@type\":\"ImageObject\",\"inLanguage\":\"de-CH\",\"@id\":\"https:\/\/blog.papasita.ch\/#\/schema\/logo\/image\/\",\"url\":\"https:\/\/blog.papasita.ch\/wp-content\/uploads\/2026\/02\/cropped-logo_papasita.png\",\"contentUrl\":\"https:\/\/blog.papasita.ch\/wp-content\/uploads\/2026\/02\/cropped-logo_papasita.png\",\"width\":570,\"height\":190,\"caption\":\"papasita.ch\"},\"image\":{\"@id\":\"https:\/\/blog.papasita.ch\/#\/schema\/logo\/image\/\"},\"sameAs\":[\"https:\/\/www.youtube.com\/channel\/UCOecDcTcXzCqA7mSp5kBZJQ\"]}]}<\/script>\n<!-- \/ Yoast SEO plugin. -->","yoast_head_json":{"title":"Impressum - blog.papasita.ch","robots":{"index":"index","follow":"follow","max-snippet":"max-snippet:-1","max-image-preview":"max-image-preview:large","max-video-preview":"max-video-preview:-1"},"canonical":"https:\/\/blog.papasita.ch\/?page_id=240","og_locale":"de_DE","og_type":"article","og_title":"Impressum - blog.papasita.ch","og_description":"Angaben gem\u00e4\u00df geltendem Recht Name: Philipp K\u00f6nig Adresse:Birkenweg 9 3072 Ostermundigen E-Mail:info@papasita.ch Verantwortlich f\u00fcr den Inhalt:Philipp K\u00f6nig","og_url":"https:\/\/blog.papasita.ch\/?page_id=240","og_site_name":"blog.papasita.ch","article_modified_time":"2026-02-17T08:12:55+00:00","twitter_card":"summary_large_image","twitter_misc":{"Gesch\u00e4tzte Lesezeit":"1\u00a0Minute"},"schema":{"@context":"https:\/\/schema.org","@graph":[{"@type":"WebPage","@id":"https:\/\/blog.papasita.ch\/?page_id=240","url":"https:\/\/blog.papasita.ch\/?page_id=240","name":"Impressum - blog.papasita.ch","isPartOf":{"@id":"https:\/\/blog.papasita.ch\/#website"},"datePublished":"2026-02-05T12:56:25+00:00","dateModified":"2026-02-17T08:12:55+00:00","breadcrumb":{"@id":"https:\/\/blog.papasita.ch\/?page_id=240#breadcrumb"},"inLanguage":"de-CH","potentialAction":[{"@type":"ReadAction","target":["https:\/\/blog.papasita.ch\/?page_id=240"]}]},{"@type":"BreadcrumbList","@id":"https:\/\/blog.papasita.ch\/?page_id=240#breadcrumb","itemListElement":[{"@type":"ListItem","position":1,"name":"Startseite","item":"https:\/\/blog.papasita.ch\/"},{"@type":"ListItem","position":2,"name":"Impressum"}]},{"@type":"WebSite","@id":"https:\/\/blog.papasita.ch\/#website","url":"https:\/\/blog.papasita.ch\/","name":"blog.papasita.ch","description":"www.papasita.ch","publisher":{"@id":"https:\/\/blog.papasita.ch\/#organization"},"potentialAction":[{"@type":"SearchAction","target":{"@type":"EntryPoint","urlTemplate":"https:\/\/blog.papasita.ch\/?s={search_term_string}"},"query-input":{"@type":"PropertyValueSpecification","valueRequired":true,"valueName":"search_term_string"}}],"inLanguage":"de-CH"},{"@type":"Organization","@id":"https:\/\/blog.papasita.ch\/#organization","name":"papasita.ch","url":"https:\/\/blog.papasita.ch\/","logo":{"@type":"ImageObject","inLanguage":"de-CH","@id":"https:\/\/blog.papasita.ch\/#\/schema\/logo\/image\/","url":"https:\/\/blog.papasita.ch\/wp-content\/uploads\/2026\/02\/cropped-logo_papasita.png","contentUrl":"https:\/\/blog.papasita.ch\/wp-content\/uploads\/2026\/02\/cropped-logo_papasita.png","width":570,"height":190,"caption":"papasita.ch"},"image":{"@id":"https:\/\/blog.papasita.ch\/#\/schema\/logo\/image\/"},"sameAs":["https:\/\/www.youtube.com\/channel\/UCOecDcTcXzCqA7mSp5kBZJQ"]}]}},"_links":{"self":[{"href":"https:\/\/blog.papasita.ch\/index.php?rest_route=\/wp\/v2\/pages\/240","targetHints":{"allow":["GET"]}}],"collection":[{"href":"https:\/\/blog.papasita.ch\/index.php?rest_route=\/wp\/v2\/pages"}],"about":[{"href":"https:\/\/blog.papasita.ch\/index.php?rest_route=\/wp\/v2\/types\/page"}],"author":[{"embeddable":true,"href":"https:\/\/blog.papasita.ch\/index.php?rest_route=\/wp\/v2\/users\/1"}],"replies":[{"embeddable":true,"href":"https:\/\/blog.papasita.ch\/index.php?rest_route=%2Fwp%2Fv2%2Fcomments&post=240"}],"version-history":[{"count":2,"href":"https:\/\/blog.papasita.ch\/index.php?rest_route=\/wp\/v2\/pages\/240\/revisions"}],"predecessor-version":[{"id":370,"href":"https:\/\/blog.papasita.ch\/index.php?rest_route=\/wp\/v2\/pages\/240\/revisions\/370"}],"wp:attachment":[{"href":"https:\/\/blog.papasita.ch\/index.php?rest_route=%2Fwp%2Fv2%2Fmedia&parent=240"}],"curies":[{"name":"wp","href":"https:\/\/api.w.org\/{rel}","templated":true}]}}